{"id":73,"date":"2025-06-13T16:31:41","date_gmt":"2025-06-13T15:31:41","guid":{"rendered":"https:\/\/terra-mythica.de\/?page_id=73"},"modified":"2025-06-14T10:32:09","modified_gmt":"2025-06-14T09:32:09","slug":"datenschutzerklaerung","status":"publish","type":"page","link":"https:\/\/terra-mythica.de\/?page_id=73","title":{"rendered":"Datenschutzerkl\u00e4rung"},"content":{"rendered":"\n<p><strong>Datenschutzerkl\u00e4rung:<\/strong><\/p>\n\n\n\n<p>Unsere Website dient dazu, Sie \u00fcber uns und unsere Vereinigung zu informieren und mit Ihnen zu kommunizieren.<\/p>\n\n\n\n<p>Mit dieser Datenschutzerkl\u00e4rung erl\u00e4utern wir, in welchem \u2013 stark begrenzten Umfang \u2013 auf unserer Website personenbezogene Daten verarbeitet werden.<\/p>\n\n\n\n<p>Weiterhin erl\u00e4utern wir, welche Rechte Ihnen in Bezug auf die Daten zustehen.<\/p>\n\n\n\n<p><strong>Verantwortlichkeit<\/strong><\/p>\n\n\n\n<p>Verantwortlich f\u00fcr diese Website ist:<\/p>\n\n\n\n<p>Terra Mythica e.V.<br>c\/o Wolfgang H\u00e4nisch<br>Westendorfstra\u00dfe 19a<br>58675 Hemer<\/p>\n\n\n\n<p>Vertreten durch Wolfgang H\u00e4nisch<\/p>\n\n\n\n<p>Kontakt: info@haenisch-hemer.de<\/p>\n\n\n\n<p><strong>personenbezogene Daten<\/strong><\/p>\n\n\n\n<p>Personenbezogene Daten sind alle Informationen, die etwas \u00fcber einen bestimmte Person aussagen, z. B. Namen, Adresse usw.. Personenbezogen sind dabei nicht nur Daten, bei denen die Person direkt erkennbar ist, sondern auch, wenn die Person erst noch identifiziert werden muss (z. B. \u00fcber Kundennummer oder IP-Adresse).<\/p>\n\n\n\n<p><strong>Rechtsgrundlagen<\/strong><\/p>\n\n\n\n<p>Rechtsgrundlage f\u00fcr die Verarbeitung personenbezogener Daten sind:&nbsp;<\/p>\n\n\n\n<ul class=\"wp-block-list\">\n<li>Art. 6 Abs. 1 lit. a DSGVO, wenn ich Ihre Einwilligung einhole<\/li>\n\n\n\n<li>Art. 6 Abs. 1 lit. b DSGVO, wenn die Daten zur Erf\u00fcllung eines Vertrages erforderlich sind <\/li>\n\n\n\n<li>Art. 6 Abs. 1 lit. c DSGVO, f\u00fcr die Verarbeitung von Daten, die zur Erf\u00fcllung einer rechtlichen Verpflichtung erforderlich sind<\/li>\n\n\n\n<li>Art. 6 Abs. 1 lit. f DSGVO, sofern die&nbsp;Wahrung unserer berechtigten Interessen&nbsp;die Verarbeitung der personenbezogenen Daten erfordert<\/li>\n\n\n\n<li>Art. 6 Abs. 1 lit. d DSGVO, wenn lebenswichtige Interessen der betroffenen Person oder einer anderen nat\u00fcrlichen Person eine Verarbeitung personenbezogener Daten erforderlich machen (d\u00fcrfte hier nicht zutreffen)<\/li>\n<\/ul>\n\n\n\n<p><strong>Speicherdauer und Datenl\u00f6schung<\/strong><\/p>\n\n\n\n<p>Ihre personenbezogenen Daten werden gel\u00f6scht, sobald der Zweck der Speicherung entf\u00e4llt. Eine Speicherung dar\u00fcber hinaus erfolgt nur, wenn dies durch Verordnungen, Gesetze usw. vorgesehen wird.<\/p>\n\n\n\n<p><strong>Bereitstellung der Website und Erstellung von Logfiles<\/strong><\/p>\n\n\n\n<p>Bei jedem Aufruf einer unserer Internetseiten werden vom Hostinganbieter Daten und Informationen des aufrufenden Rechners erfasst. Dies sind Name der abgerufenen Webseite, Datum und Uhrzeit des Abrufs, Browsertyp und Version, das Betriebssystem des Nutzers, vorher besuchte Seite (Referrer URL), IP-Adresse des Nutzers und Internet Service Provider des Nutzers.<\/p>\n\n\n\n<p>Die vor\u00fcbergehende Speicherung der IP-Adresse ist notwendig, um eine Auslieferung der Website an den Rechner des Nutzers \u00fcberhaupt zu erm\u00f6glichen.&nbsp;Die Erhebung dieser Daten erfolgt aufgrund des berechtigten Interesse an der Datenerhebung gem. Art. 6 Abs. 1 Satz 1 lit. f DSGVO.<\/p>\n\n\n\n<p>Die Informationen werden vom Hosting Anbieter f\u00fcr die Dauer von maximal 7 Tagen in Logfiles gespeichert und danach gel\u00f6scht. Die Speicherung in Logfiles erfolgt zur Gew\u00e4hrleistung der Sicherheit der informationstechnischen Systeme des Hostingproviders (z.B. zur Aufkl\u00e4rung von Missbrauchs- oder Betrugshandlungen). Die Erhebung dieser Daten durch den Hosting Anbieter erfolgt dabei aufgrund seines des berechtigten Interesse an der Datenerhebung gem. Art. 6 Abs. 1 Satz 1 lit. f DSGVO.<\/p>\n\n\n\n<p>Die Daten werden uns f\u00fcr einen Zeitraum von 6 Wochen in anonymisierter Form (d.h. mit verfremdeter IP Adresse) f\u00fcr Auswertungen zur Verf\u00fcgung gestellt. Ein R\u00fcckschluss auf eine konkrete Person ist aus diesen Daten nicht mehr m\u00f6glich.<\/p>\n\n\n\n<p><strong>E Mail Kontakt<\/strong><\/p>\n\n\n\n<p>Auf der Website erm\u00f6glichen wir es Ihnen, per e-mail mit uns in Kontakt zu treten. Sofern Sie per e-mail Kontakt&nbsp;mit unsaufnehmen, werden die e-mail und die darin von Ihnen \u00fcbermittelten personenbezogenen Daten gespeichert. Die Daten werden ausschlie\u00dflich f\u00fcr die Durchf\u00fchrung der Konversation mit Ihnen gespeichert.&nbsp;Rechtsgrundlage f\u00fcr die Verarbeitung Ihrer Daten per e-mail \u00fcbersandten Daten ist Art. 6 Abs 1 lit f DSGVO.&nbsp;<\/p>\n\n\n\n<p><strong>Weitergabe Ihrer Daten an Dritte<\/strong><\/p>\n\n\n\n<p>Wir geben Ihre pers\u00f6nlichen Daten nicht an Dritte weiter. <\/p>\n\n\n\n<p>Ausnahme gelten f\u00fcr folgende F\u00e4lle:<\/p>\n\n\n\n<ul class=\"wp-block-list\">\n<li>Die Weitergabe ist f\u00fcr die Abwicklung eines Vertrages mit Ihnen erforderlich<\/li>\n\n\n\n<li>Sie sind ausdr\u00fccklich damit einverstanden<\/li>\n\n\n\n<li>die Weitergabe ist zur Geltendmachung, Aus\u00fcbung oder Verteidigung von Rechtsanspr\u00fcchen erforderlich<\/li>\n\n\n\n<li>es besteht eine gesetzliche Pflicht f\u00fcr die Weitergabe <\/li>\n<\/ul>\n\n\n\n<p><strong>Cookies<\/strong><\/p>\n\n\n\n<p>Cookies sind Textinformation, die im Browser auf dem Endger\u00e4t des Betrachters jeweils zu einer besuchten Website gespeichert werden.<sup><\/sup><\/p>\n\n\n\n<p>Auf unserer Website werden keine Cookies verwendet.<\/p>\n\n\n\n<p><strong>Externe Links<\/strong><\/p>\n\n\n\n<p>Sofern Sie externe Links nutzen, die auf den Webseiten angeboten werden, erstrecken sich diese Hinweise nicht auf diese Links. Ich haben keinen Einfluss auf die Einhaltung der Datenschutz- und Sicherheitsbestimmungen durch andere Anbieter. Informieren Sie sich deshalb bitte auf den Internetseiten der anderen Anbieter auch \u00fcber deren Datenschutzerkl\u00e4rungen.<\/p>\n\n\n\n<p><strong>Ihre Rechte<\/strong><\/p>\n\n\n\n<p>Sie haben das Recht, eine Best\u00e4tigung dar\u00fcber zu verlangen, ob personenbezogene Daten von Ihnen verarbeitet werden, welche Daten erhoben werden, zu welchem Zweck die Daten verarbeitet werden, wer sie erh\u00e4lt und wie lange die Daten gespeichert werden.&nbsp;<\/p>\n\n\n\n<p>Ferner haben sie<\/p>\n\n\n\n<ul class=\"wp-block-list\">\n<li>das Recht auf Berichtigung, <\/li>\n\n\n\n<li>das Recht auf L\u00f6schung <\/li>\n\n\n\n<li>das Recht aug Einschr\u00e4nkung der Verarbeitung;<\/li>\n\n\n\n<li>das Recht, eine erteilte Einwilligung zu widerrufen. Dies betrifft nur die zuk\u00fcnftige Verarbeitung<\/li>\n\n\n\n<li>ein Recht auf Daten\u00fcbertragung;<\/li>\n\n\n\n<li>das Recht, sich bei einer Aufsichtsbeh\u00f6rde zu beschweren; sowie<\/li>\n\n\n\n<li>das Recht, keiner automatisierten Entscheidung unterworfen zu werden.<\/li>\n<\/ul>\n","protected":false},"excerpt":{"rendered":"<p>Datenschutzerkl\u00e4rung: Unsere Website dient dazu, Sie \u00fcber uns und unsere Vereinigung zu informieren und mit Ihnen zu kommunizieren. Mit dieser Datenschutzerkl\u00e4rung erl\u00e4utern wir, in welchem \u2013 stark begrenzten Umfang \u2013 auf unserer Website personenbezogene Daten verarbeitet werden. Weiterhin erl\u00e4utern wir, welche Rechte Ihnen in Bezug auf die Daten zustehen. Verantwortlichkeit Verantwortlich f\u00fcr diese Website ist: [&hellip;]<\/p>\n","protected":false},"author":1,"featured_media":0,"parent":0,"menu_order":0,"comment_status":"closed","ping_status":"closed","template":"","meta":{"footnotes":""},"class_list":["post-73","page","type-page","status-publish","hentry"],"_links":{"self":[{"href":"https:\/\/terra-mythica.de\/index.php?rest_route=\/wp\/v2\/pages\/73","targetHints":{"allow":["GET"]}}],"collection":[{"href":"https:\/\/terra-mythica.de\/index.php?rest_route=\/wp\/v2\/pages"}],"about":[{"href":"https:\/\/terra-mythica.de\/index.php?rest_route=\/wp\/v2\/types\/page"}],"author":[{"embeddable":true,"href":"https:\/\/terra-mythica.de\/index.php?rest_route=\/wp\/v2\/users\/1"}],"replies":[{"embeddable":true,"href":"https:\/\/terra-mythica.de\/index.php?rest_route=%2Fwp%2Fv2%2Fcomments&post=73"}],"version-history":[{"count":3,"href":"https:\/\/terra-mythica.de\/index.php?rest_route=\/wp\/v2\/pages\/73\/revisions"}],"predecessor-version":[{"id":111,"href":"https:\/\/terra-mythica.de\/index.php?rest_route=\/wp\/v2\/pages\/73\/revisions\/111"}],"wp:attachment":[{"href":"https:\/\/terra-mythica.de\/index.php?rest_route=%2Fwp%2Fv2%2Fmedia&parent=73"}],"curies":[{"name":"wp","href":"https:\/\/api.w.org\/{rel}","templated":true}]}}